{"id":108,"date":"2023-07-10T12:51:03","date_gmt":"2023-07-10T10:51:03","guid":{"rendered":"https:\/\/louontout.be\/index.php\/evenemetiel\/"},"modified":"2026-03-20T10:51:28","modified_gmt":"2026-03-20T09:51:28","slug":"evenemetiel","status":"publish","type":"page","link":"https:\/\/louontout.be\/index.php\/evenemetiel\/","title":{"rendered":"Mat\u00e9riel \u00e9v\u00e9nemetiel"},"content":{"rendered":"","protected":false},"excerpt":{"rendered":"","protected":false},"author":1,"featured_media":0,"parent":0,"menu_order":0,"comment_status":"closed","ping_status":"closed","template":"full-width","meta":{"saved_in_kubio":true,"om_disable_all_campaigns":false,"_monsterinsights_skip_tracking":false,"_monsterinsights_sitenote_active":false,"_monsterinsights_sitenote_note":"","_monsterinsights_sitenote_category":0,"footnotes":""},"class_list":["post-108","page","type-page","status-publish","hentry"],"aioseo_notices":[],"kubio_ai_page_context":{"short_desc":"","purpose":"general"},"_links":{"self":[{"href":"https:\/\/louontout.be\/index.php\/wp-json\/wp\/v2\/pages\/108","targetHints":{"allow":["GET"]}}],"collection":[{"href":"https:\/\/louontout.be\/index.php\/wp-json\/wp\/v2\/pages"}],"about":[{"href":"https:\/\/louontout.be\/index.php\/wp-json\/wp\/v2\/types\/page"}],"author":[{"embeddable":true,"href":"https:\/\/louontout.be\/index.php\/wp-json\/wp\/v2\/users\/1"}],"replies":[{"embeddable":true,"href":"https:\/\/louontout.be\/index.php\/wp-json\/wp\/v2\/comments?post=108"}],"version-history":[{"count":2,"href":"https:\/\/louontout.be\/index.php\/wp-json\/wp\/v2\/pages\/108\/revisions"}],"predecessor-version":[{"id":356,"href":"https:\/\/louontout.be\/index.php\/wp-json\/wp\/v2\/pages\/108\/revisions\/356"}],"wp:attachment":[{"href":"https:\/\/louontout.be\/index.php\/wp-json\/wp\/v2\/media?parent=108"}],"curies":[{"name":"wp","href":"https:\/\/api.w.org\/{rel}","templated":true}]}}